{"id":9,"date":"2021-02-16T15:02:46","date_gmt":"2021-02-16T15:02:46","guid":{"rendered":"https:\/\/www.verrelefutur.com?page_id=9"},"modified":"2024-10-15T12:39:08","modified_gmt":"2024-10-15T12:39:08","slug":"a-propos","status":"publish","type":"page","link":"https:\/\/www.verrelefutur.com\/fr\/a-propos\/","title":{"rendered":"\u00c0 propos"},"content":{"rendered":"<section class=\"h1-container text-center\">\n<div class=\"container\">\n<div class=\"row\">\n<div class=\"col-md-11 col-lg-8 col-xl-6 col-xxl-4 mx-auto\">\n<div class=\"lc-block h1-div\">\n<div editable=\"rich\">\n<h1><strong>Verre le futur <\/strong>Votre vitrerie de confiance sur la Rive-Sud<\/h1>\n<\/p><\/div>\n<\/p><\/div>\n<p><!-- \/lc-block --><\/p>\n<div class=\"lc-block\">\n<div lc-helper=\"shortcode\" class=\"live-shortcode\"><a class=\"contact btn\" href=\"https:\/\/www.verrelefutur.com\/fr\/nous-joindre\/\" aria-label=\"Parlez-nous de votre projet\">Parlez-nous de votre projet<\/a><\/div>\n<\/p><\/div>\n<p><!-- \/lc-block -->\n\t\t\t<\/div>\n<p><!-- \/col -->\n\t\t<\/div>\n<\/p><\/div>\n<\/section>\n<section class=\"content-container\">\n<div class=\"container\">\n<div class=\"row\">\n<div class=\"col-lg-7 col-xxl-6\">\n<div class=\"lc-block\">\n<div editable=\"rich\">\n<h2><strong>Vitrier de p\u00e8re en fils<\/strong>L&rsquo;art au service de vos id\u00e9es<\/h2>\n<p>Verre Le Futur sur la Rive-Sud de Montr\u00e9al est une entreprise de p\u00e8re en fils. Fond\u00e9e en 1974 par Alain Aubry et maintenant, S\u00e9bastien, son fils, en a repris la rel\u00e8ve. Cette expertise en vitrerie est transmise de g\u00e9n\u00e9ration en g\u00e9n\u00e9ration et lui est utile tous les jours lors de son travail de design de verre et de miroir. Artistes aussi bien qu\u2019artisans, notre sens de la perfection n\u2019a d\u2019\u00e9gal que vos id\u00e9es. Tout ce qui peut \u00eatre fait en verre, chez Verre Le Futur, nous le r\u00e9alisons : douche, rampe int\u00e9rieure ou ext\u00e9rieure, mur de verre, dosseret de cuisine, contours de piscine, et bien plus!<\/p>\n<p>Chez Verre Le Futur, nous sommes reconnus pour notre courtoisie et pour nos comp\u00e9tences. Nos produits en verre sont tous faits sur mesure, livr\u00e9s et install\u00e9s avec le plus grand soin. Cherchant toujours \u00e0 aller plus loin dans notre cr\u00e9ativit\u00e9, Verre Le Futur a su se d\u00e9marquer, au cours des nombreuses ann\u00e9es d\u2019exposition au Salon National de l&rsquo;Habitation.<\/p>\n<p><strong>Contactez-nous d\u00e8s aujourd\u2019hui pour en savoir plus !<\/strong><\/p>\n<h3>On parle de nous<\/h3>\n<p>Des publi-reportages ont rendu hommage \u00e0 notre travail en vitrerie \u00e0 plusieurs reprises. Chez Verre Le Futur, notre expertise a suscit\u00e9 l\u2019int\u00e9r\u00eat du Journal de Montr\u00e9al dans sa section Casa. <\/p>\n<h3>Le design du verre et du miroir: \u00e0 d\u00e9couvrir absolument!<\/h3>\n<p>Avec Verre Le Futur \u00e0 Longueuil, d\u00e9couvrez le design du verre et du miroir comme vous ne l&rsquo;avez jamais vu auparavant!<\/p>\n<p>Le verre peut \u00eatre tremp\u00e9, moul\u00e9, peint, thermoform\u00e9, fusionn\u00e9, \u00e9clat\u00e9 ou martel\u00e9. Quant au miroir, sophistiqu\u00e9, biseaut\u00e9, sculpt\u00e9, laqu\u00e9 ou encadr\u00e9, il saura rehausser la pi\u00e8ce que vous aurez choisi d&#8217;embellir. Vous y gagnerez \u00e0 coup s\u00fbr en y mettant une touche de verre ou de miroir de la maison. Parlez-nous de vos id\u00e9es!<\/p>\n<\/p><\/div>\n<\/p><\/div>\n<p><!-- \/lc-block --><\/p>\n<div class=\"lc-block\">\n<div lc-helper=\"shortcode\" class=\"live-shortcode\"><a class=\"contact btn\" href=\"https:\/\/www.verrelefutur.com\/fr\/nous-joindre\/\" aria-label=\"Prenez rendez-vous\">Prenez rendez-vous<\/a><\/div>\n<\/p><\/div>\n<p><!-- \/lc-block -->\n\t\t\t<\/div>\n<p><!-- \/col --><\/p>\n<div class=\"col-lg-5 ml-auto\">\n<div class=\"lc-block liste-services\">\n<div lc-helper=\"shortcode\" class=\"live-shortcode\"><h3>Services offerts<\/h3><ul><li><a href=\"https:\/\/www.verrelefutur.com\/fr\/services\/douche-en-verre\/\">Douche en verre<\/a><\/li><li><a href=\"https:\/\/www.verrelefutur.com\/fr\/services\/garde-corps-en-verre\/\">Garde-corps en verre<\/a><\/li><li>Rampe en verre<\/li><li>Comptoir et lavabo<\/li><li><a href=\"https:\/\/www.verrelefutur.com\/fr\/services\/miroirs-sur-mesure\/\">Mur, porte-miroir<\/a><\/li><li><a href=\"https:\/\/www.verrelefutur.com\/fr\/services\/meubles-en-verre-sur-mesure\/\">Meuble<\/a><\/li><li><a href=\"https:\/\/www.verrelefutur.com\/fr\/services\/cloture-de-piscine\/\">Cl\u00f4ture de piscine<\/a><\/li><li>Et plus encore<\/li><\/ul><h3>Produits professionnels \u00e0 vendre<\/h3><ul><li>Nettoyant \u00e0 vitre Sprayway<\/li><li>Produit de finition Bio-Clean (sans ammoniac)<\/li><\/ul><\/div>\n<\/p><\/div>\n<p><!-- \/lc-block -->\n\t\t\t<\/div>\n<p><!-- \/col -->\n\t\t<\/div>\n<\/p><\/div>\n<\/section>\n<section class=\"realisations-container\">\n<div class=\"container\">\n<div class=\"row\">\n<div class=\"col-md-12\">\n<div class=\"lc-block text-center\">\n<div editable=\"rich\">\n<h2>R\u00e9alisations<\/h2>\n<h3>Voici quelques uns de nos projets<\/h3>\n<\/p><\/div>\n<\/p><\/div>\n<p><!-- \/lc-block --><\/p>\n<div class=\"lc-block\">\n<div lc-helper=\"shortcode\" class=\"live-shortcode\"><div class=\"galerie-slider mb-4\"><ul class=\"slides\"><li><a href=\"https:\/\/www.verrelefutur.com\/wp-content\/uploads\/2021\/02\/image2-768x1024.jpeg\"><picture><srcset src=\"https:\/\/www.verrelefutur.com\/wp-content\/uploads\/2021\/02\/image2-260x260.webp\" type=\"image\/webp\"><img decoding=\"async\" src=\"https:\/\/www.verrelefutur.com\/wp-content\/uploads\/2021\/02\/image2-260x260.jpeg\" alt=\"\" data-skip-lazy><\/pictuire><\/a><\/li><li><a href=\"https:\/\/www.verrelefutur.com\/wp-content\/uploads\/2021\/02\/image1.jpeg\"><picture><srcset src=\"https:\/\/www.verrelefutur.com\/wp-content\/uploads\/2021\/02\/image1-260x260.webp\" type=\"image\/webp\"><img decoding=\"async\" src=\"https:\/\/www.verrelefutur.com\/wp-content\/uploads\/2021\/02\/image1-260x260.jpeg\" alt=\"\" data-skip-lazy><\/pictuire><\/a><\/li><li><a href=\"https:\/\/www.verrelefutur.com\/wp-content\/uploads\/2021\/02\/image1-2-768x1024.jpeg\"><picture><srcset src=\"https:\/\/www.verrelefutur.com\/wp-content\/uploads\/2021\/02\/image1-2-260x260.webp\" type=\"image\/webp\"><img decoding=\"async\" src=\"https:\/\/www.verrelefutur.com\/wp-content\/uploads\/2021\/02\/image1-2-260x260.jpeg\" alt=\"\" data-skip-lazy><\/pictuire><\/a><\/li><li><a href=\"https:\/\/www.verrelefutur.com\/wp-content\/uploads\/2021\/02\/image0-768x1024.jpeg\"><picture><srcset src=\"https:\/\/www.verrelefutur.com\/wp-content\/uploads\/2021\/02\/image0-260x260.webp\" type=\"image\/webp\"><img decoding=\"async\" src=\"https:\/\/www.verrelefutur.com\/wp-content\/uploads\/2021\/02\/image0-260x260.jpeg\" alt=\"\" data-skip-lazy><\/pictuire><\/a><\/li><li><a href=\"https:\/\/www.verrelefutur.com\/wp-content\/uploads\/2021\/02\/116201351_4124366260967196_3830611925133453732_o-1024x768.jpg\"><picture><srcset src=\"https:\/\/www.verrelefutur.com\/wp-content\/uploads\/2021\/02\/116201351_4124366260967196_3830611925133453732_o-260x260.webp\" type=\"image\/webp\"><img decoding=\"async\" src=\"https:\/\/www.verrelefutur.com\/wp-content\/uploads\/2021\/02\/116201351_4124366260967196_3830611925133453732_o-260x260.jpg\" alt=\"\" data-skip-lazy><\/pictuire><\/a><\/li><li><a href=\"https:\/\/www.verrelefutur.com\/wp-content\/uploads\/2021\/02\/106170161_3998084533595370_9137911793387396244_n.jpg\"><picture><srcset src=\"https:\/\/www.verrelefutur.com\/wp-content\/uploads\/2021\/02\/106170161_3998084533595370_9137911793387396244_n-260x260.webp\" type=\"image\/webp\"><img decoding=\"async\" src=\"https:\/\/www.verrelefutur.com\/wp-content\/uploads\/2021\/02\/106170161_3998084533595370_9137911793387396244_n-260x260.jpg\" alt=\"\" data-skip-lazy><\/pictuire><\/a><\/li><li><a href=\"https:\/\/www.verrelefutur.com\/wp-content\/uploads\/2021\/02\/105977332_3998084463595377_2254220612648970160_n.jpg\"><picture><srcset src=\"https:\/\/www.verrelefutur.com\/wp-content\/uploads\/2021\/02\/105977332_3998084463595377_2254220612648970160_n-260x260.webp\" type=\"image\/webp\"><img decoding=\"async\" src=\"https:\/\/www.verrelefutur.com\/wp-content\/uploads\/2021\/02\/105977332_3998084463595377_2254220612648970160_n-260x260.jpg\" alt=\"\" data-skip-lazy><\/pictuire><\/a><\/li><li><a href=\"https:\/\/www.verrelefutur.com\/wp-content\/uploads\/2021\/02\/103102734_3932170220186802_8461396103613202439_o-576x1024.jpg\"><picture><srcset src=\"https:\/\/www.verrelefutur.com\/wp-content\/uploads\/2021\/02\/103102734_3932170220186802_8461396103613202439_o-260x260.webp\" type=\"image\/webp\"><img decoding=\"async\" src=\"https:\/\/www.verrelefutur.com\/wp-content\/uploads\/2021\/02\/103102734_3932170220186802_8461396103613202439_o-260x260.jpg\" alt=\"\" data-skip-lazy><\/pictuire><\/a><\/li><li><a href=\"https:\/\/www.verrelefutur.com\/wp-content\/uploads\/2021\/02\/99557313_3845200225550469_3013598755682254848_o-1024x768.jpg\"><picture><srcset src=\"https:\/\/www.verrelefutur.com\/wp-content\/uploads\/2021\/02\/99557313_3845200225550469_3013598755682254848_o-260x260.webp\" type=\"image\/webp\"><img decoding=\"async\" src=\"https:\/\/www.verrelefutur.com\/wp-content\/uploads\/2021\/02\/99557313_3845200225550469_3013598755682254848_o-260x260.jpg\" alt=\"\" data-skip-lazy><\/pictuire><\/a><\/li><li><a href=\"https:\/\/www.verrelefutur.com\/wp-content\/uploads\/2021\/02\/99008577_3845200592217099_2446988137210052608_o-1024x768.jpg\"><picture><srcset src=\"https:\/\/www.verrelefutur.com\/wp-content\/uploads\/2021\/02\/99008577_3845200592217099_2446988137210052608_o-260x260.webp\" type=\"image\/webp\"><img decoding=\"async\" src=\"https:\/\/www.verrelefutur.com\/wp-content\/uploads\/2021\/02\/99008577_3845200592217099_2446988137210052608_o-260x260.jpg\" alt=\"\" data-skip-lazy><\/pictuire><\/a><\/li><li><a href=\"https:\/\/www.verrelefutur.com\/wp-content\/uploads\/2021\/02\/IMG_1497-1024x510.jpg\"><picture><srcset src=\"https:\/\/www.verrelefutur.com\/wp-content\/uploads\/2021\/02\/IMG_1497-260x260.webp\" type=\"image\/webp\"><img decoding=\"async\" src=\"https:\/\/www.verrelefutur.com\/wp-content\/uploads\/2021\/02\/IMG_1497-260x260.jpg\" alt=\"\" data-skip-lazy><\/pictuire><\/a><\/li><li><a href=\"https:\/\/www.verrelefutur.com\/wp-content\/uploads\/2021\/02\/IMG_1477-1024x768.jpg\"><picture><srcset src=\"https:\/\/www.verrelefutur.com\/wp-content\/uploads\/2021\/02\/IMG_1477-260x260.webp\" type=\"image\/webp\"><img decoding=\"async\" src=\"https:\/\/www.verrelefutur.com\/wp-content\/uploads\/2021\/02\/IMG_1477-260x260.jpg\" alt=\"\" data-skip-lazy><\/pictuire><\/a><\/li><li><a href=\"https:\/\/www.verrelefutur.com\/wp-content\/uploads\/2021\/02\/IMG_1257-1024x768.jpg\"><picture><srcset src=\"https:\/\/www.verrelefutur.com\/wp-content\/uploads\/2021\/02\/IMG_1257-260x260.webp\" type=\"image\/webp\"><img decoding=\"async\" src=\"https:\/\/www.verrelefutur.com\/wp-content\/uploads\/2021\/02\/IMG_1257-260x260.jpg\" alt=\"\" data-skip-lazy><\/pictuire><\/a><\/li><\/ul><\/div><\/div>\n<\/p><\/div>\n<p><!-- \/lc-block --><\/p>\n<div class=\"lc-block\">\n<div lc-helper=\"shortcode\" class=\"live-shortcode text-center\"><a class=\"btn contact\" href=\"https:\/\/www.verrelefutur.com\/fr\/nos-realisations\/\" aria-label=\"En voir plus\">En voir plus<\/a><\/div>\n<\/p><\/div>\n<p><!-- \/lc-block -->\n\t\t\t<\/div>\n<p><!-- \/col -->\n\t\t<\/div>\n<\/p><\/div>\n<\/section>\n","protected":false},"excerpt":{"rendered":"<p>Verre le futur Votre vitrerie de confiance sur la Rive-Sud Vitrier de p\u00e8re en filsL&rsquo;art au service de vos id\u00e9es Verre Le Futur sur la Rive-Sud de Montr\u00e9al est une entreprise de p\u00e8re en fils. Fond\u00e9e en 1974 par Alain Aubry et maintenant, S\u00e9bastien, son fils, en a repris la rel\u00e8ve. Cette expertise en vitrerie [&hellip;]<\/p>\n","protected":false},"author":1,"featured_media":0,"parent":0,"menu_order":0,"comment_status":"closed","ping_status":"closed","template":"","meta":{"footnotes":""},"class_list":["post-9","page","type-page","status-publish","hentry"],"_links":{"self":[{"href":"https:\/\/www.verrelefutur.com\/fr\/wp-json\/wp\/v2\/pages\/9","targetHints":{"allow":["GET"]}}],"collection":[{"href":"https:\/\/www.verrelefutur.com\/fr\/wp-json\/wp\/v2\/pages"}],"about":[{"href":"https:\/\/www.verrelefutur.com\/fr\/wp-json\/wp\/v2\/types\/page"}],"author":[{"embeddable":true,"href":"https:\/\/www.verrelefutur.com\/fr\/wp-json\/wp\/v2\/users\/1"}],"replies":[{"embeddable":true,"href":"https:\/\/www.verrelefutur.com\/fr\/wp-json\/wp\/v2\/comments?post=9"}],"version-history":[{"count":8,"href":"https:\/\/www.verrelefutur.com\/fr\/wp-json\/wp\/v2\/pages\/9\/revisions"}],"predecessor-version":[{"id":1495,"href":"https:\/\/www.verrelefutur.com\/fr\/wp-json\/wp\/v2\/pages\/9\/revisions\/1495"}],"wp:attachment":[{"href":"https:\/\/www.verrelefutur.com\/fr\/wp-json\/wp\/v2\/media?parent=9"}],"curies":[{"name":"wp","href":"https:\/\/api.w.org\/{rel}","templated":true}]}}