{"id":21,"date":"2021-02-16T15:09:02","date_gmt":"2021-02-16T15:09:02","guid":{"rendered":"https:\/\/www.verrelefutur.com?page_id=21"},"modified":"2024-10-15T13:13:13","modified_gmt":"2024-10-15T13:13:13","slug":"nous-joindre","status":"publish","type":"page","link":"https:\/\/www.verrelefutur.com\/fr\/nous-joindre\/","title":{"rendered":"\u00c0 Longueuil, vos experts en design de verre et miroir uniques"},"content":{"rendered":"<h2>Contactez-nous sur la rive-Sud ou ailleurs au Qu\u00e9bec pour nos designs en verre et nos miroir uniques<\/h2>\n<p>Pour une construction neuve ou une r\u00e9novation qui se d\u00e9marque, osez avec l\u2019\u00e9quipe de Verre Le Futur \u00e0 Longueuil, ailleurs sur la Rive-Sud et partout au Qu\u00e9bec. Nous nous sp\u00e9cialisons dans la cr\u00e9ation de douches en verre, de garde-corps en verre, de rampes en verre, de portes en verre et de meubles vari\u00e9s sur mesure en verre. Depuis 1974, chez Verre Le Futur, nous r\u00e9alisons \u00e9galement des miroirs originaux aux designs exclusifs pour nos clients r\u00e9sidentiels et commerciaux.<\/p>\n<p>Contactez-nous par t\u00e9l\u00e9phone ou par le biais de notre formulaire. N\u2019h\u00e9sitez pas \u00e0 demander une soumission gratuite et \u00e0 profiter de notre service de vitrerie \u00e0 domicile!<\/p>\n<h3>Nos services offerts<\/h3>\n<ul>\n<li>Fabricant, grossiste et d\u00e9taillant en vitrerie<\/li>\n<li>D\u00e9positaire officiel du verre antitache et garanti \u00e0 vie ShowerGuard\u00ae<\/li>\n<li>Soumission gratuite<\/li>\n<li>Designer \u00e0 domicile<\/li>\n<li>Conception en verre<\/li>\n<li>Vente de verre<\/li>\n<li>Installation de verre<\/li>\n<li>R\u00e9paration de vitre<\/li>\n<\/ul>\n<h3>*Garanties<\/h3>\n<p>Garantie de 3 ans sur la quincaillerie ext\u00e9rieure en acier inoxydable de grade 316 (inclut les pentures hydrauliques \u00e0 fermeture automatique, les loquets aimant\u00e9s pour verrouillage automatique, les connecteurs et les mini poteaux)<\/p>\n<ul>\n<li>Garantie de 1 an sur la main d\u2019\u0153uvre<\/li>\n<li>Garantie de 5 ans sur tous nos produitsli>\n<\/ul>\n","protected":false},"excerpt":{"rendered":"<p>Contactez-nous sur la rive-Sud ou ailleurs au Qu\u00e9bec pour nos designs en verre et nos miroir uniques Pour une construction neuve ou une r\u00e9novation qui se d\u00e9marque, osez avec l\u2019\u00e9quipe de Verre Le Futur \u00e0 Longueuil, ailleurs sur la Rive-Sud et partout au Qu\u00e9bec. Nous nous sp\u00e9cialisons dans la cr\u00e9ation de douches en verre, de [&hellip;]<\/p>\n","protected":false},"author":1,"featured_media":0,"parent":0,"menu_order":0,"comment_status":"closed","ping_status":"closed","template":"page-templates\/contact.php","meta":{"footnotes":""},"class_list":["post-21","page","type-page","status-publish","hentry"],"_links":{"self":[{"href":"https:\/\/www.verrelefutur.com\/fr\/wp-json\/wp\/v2\/pages\/21","targetHints":{"allow":["GET"]}}],"collection":[{"href":"https:\/\/www.verrelefutur.com\/fr\/wp-json\/wp\/v2\/pages"}],"about":[{"href":"https:\/\/www.verrelefutur.com\/fr\/wp-json\/wp\/v2\/types\/page"}],"author":[{"embeddable":true,"href":"https:\/\/www.verrelefutur.com\/fr\/wp-json\/wp\/v2\/users\/1"}],"replies":[{"embeddable":true,"href":"https:\/\/www.verrelefutur.com\/fr\/wp-json\/wp\/v2\/comments?post=21"}],"version-history":[{"count":5,"href":"https:\/\/www.verrelefutur.com\/fr\/wp-json\/wp\/v2\/pages\/21\/revisions"}],"predecessor-version":[{"id":1503,"href":"https:\/\/www.verrelefutur.com\/fr\/wp-json\/wp\/v2\/pages\/21\/revisions\/1503"}],"wp:attachment":[{"href":"https:\/\/www.verrelefutur.com\/fr\/wp-json\/wp\/v2\/media?parent=21"}],"curies":[{"name":"wp","href":"https:\/\/api.w.org\/{rel}","templated":true}]}}