{"id":2,"date":"2021-02-16T13:51:30","date_gmt":"2021-02-16T13:51:30","guid":{"rendered":"https:\/\/www.verrelefutur.com?page_id=2"},"modified":"2024-10-15T12:35:48","modified_gmt":"2024-10-15T12:35:48","slug":"page-d-exemple","status":"publish","type":"page","link":"https:\/\/www.verrelefutur.com\/fr\/","title":{"rendered":"Page d&rsquo;accueil"},"content":{"rendered":"<section class=\"h1-container text-center\">\n<div class=\"container\">\n<div class=\"row\">\n<div class=\"col-md-11 col-lg-8 col-xl-6 col-xxl-4 mx-auto\">\n<div class=\"lc-block h1-div\">\n<div editable=\"rich\">\n<h1><strong>Verre le futur <\/strong>L\u2019expert du verre et du miroir sur la Rive-Sud<\/h1>\n<\/p><\/div>\n<\/p><\/div>\n<p><!-- \/lc-block --><\/p>\n<div class=\"lc-block\">\n<div lc-helper=\"shortcode\" class=\"live-shortcode\"><a class=\"contact btn\" href=\"https:\/\/www.verrelefutur.com\/fr\/nous-joindre\/\" aria-label=\"Parlez-nous de votre projet\">Parlez-nous de votre projet<\/a><\/div>\n<\/p><\/div>\n<p><!-- \/lc-block -->\n\t\t\t<\/div>\n<p><!-- \/col -->\n\t\t<\/div>\n<\/p><\/div>\n<\/section>\n<section class=\"content-container\">\n<div class=\"container\">\n<div class=\"row\">\n<div class=\"col-lg-7 col-xxl-6\">\n<div class=\"lc-block\">\n<div editable=\"rich\">\n<h2><strong>Vous \u00eates \u00e0 la recherche d\u2019un vitrier sur la Rive-Sud?<\/strong>Contactez-nous pour tous vos projets verre et miroir !<\/h2>\n<p>Chez Verre Le Futur, nous sommes vos sp\u00e9cialistes du verre et du miroir sur la Rive-Sud et partout au Qu\u00e9bec. D\u00e9couvrir Verre Le Futur, c\u2019est entrer dans le monde du design unique et raffin\u00e9. En effet, notre \u00e9quipe r\u00e9alise des projets de vitrerie sur mesure pour toutes les pi\u00e8ces int\u00e9rieures, ainsi que pour l\u2019ext\u00e9rieur.<\/p>\n<p>Avec Verre Le Futur, il n\u2019y a pas de limites \u00e0 votre imagination. Vous n\u2019avez qu\u2019\u00e0 nous partager vos exigences : dimensions, formes, motifs \u00e0 repr\u00e9senter, tout sera fait selon vos go\u00fbts. Notre service personnalis\u00e9 en vitrerie nous permet de travailler le verre de multiples fa\u00e7ons : sculpt\u00e9, sabl\u00e9 ou grav\u00e9, tremp\u00e9, thermoform\u00e9 ou martel\u00e9\u2026 Quant au miroir, nous pouvons le d\u00e9corer et le tailler pour un style original et un d\u00e9cor unique, gr\u00e2ce \u00e0 nos designs exclusifs.<\/p>\n<p>De plus, que vous soyez un particulier, un commer\u00e7ant ou un industriel, notre entreprise est \u00e0 votre service depuis 1974. Chez Verre Le Futur, nous faisons r\u00e9guli\u00e8rement affaires avec des architectes, des plombiers ou encore avec des d\u00e9corateurs lors de r\u00e9novations ou pour des constructions neuves. Verre Le Futur est reconnu pour respecter vos exigences et vous offrir un service excellent en vitrerie sur la Rive-Sud de Montr\u00e9al, de la prise de contact jusqu\u2019\u00e0 l\u2019installation.<\/p>\n<p>Chez Verre Le Futur, nous respectons les normes pour la s\u00e9curit\u00e9 et la hauteur qui correspondent \u00e0 chacune des villes o\u00f9 nous allons. Nous avons des fermetures automatiques contr\u00f4l\u00e9es hydrauliquement avec barrure magn\u00e9tique.<\/p>\n<p>Vous avez des projets de r\u00e9novation en vitrerie? Des id\u00e9es de design en verre? Faites-nous confiance pour les r\u00e9aliser.<\/p>\n<p><strong>Important&nbsp;:&nbsp;Chez Verre Le Futur, nous travaillons uniquement sur rendez-vous. Il est donc imp\u00e9ratif que vous preniez un rendez-vous avant de vous pr\u00e9senter \u00e0 l\u2019atelier. Contactez-nous au <a href=\"tel:4506742473\">450-674-2473<\/a> ou <a class=\"\" href=\"https:\/\/www.verrelefutur.com\/fr\/nous-joindre\/\" aria-label=\"prenez rendez-vous ici\">prenez rendez-vous ici<\/a>. <\/strong><\/p>\n<\/p><\/div>\n<\/p><\/div>\n<p><!-- \/lc-block --><\/p>\n<div class=\"lc-block\">\n<div lc-helper=\"shortcode\" class=\"live-shortcode\"><a class=\"contact btn\" href=\"https:\/\/www.verrelefutur.com\/fr\/nous-joindre\/\" aria-label=\"R\u00e9alisons vos id\u00e9es\">R\u00e9alisons vos id\u00e9es<\/a><\/div>\n<\/p><\/div>\n<p><!-- \/lc-block -->\n\t\t\t<\/div>\n<p><!-- \/col --><\/p>\n<div class=\"col-lg-5 ml-auto\">\n<div class=\"lc-block liste-services\">\n<div lc-helper=\"shortcode\" class=\"live-shortcode\"><h3>Services offerts<\/h3><ul><li><a href=\"https:\/\/www.verrelefutur.com\/fr\/services\/douche-en-verre\/\">Douche en verre<\/a><\/li><li><a href=\"https:\/\/www.verrelefutur.com\/fr\/services\/garde-corps-en-verre\/\">Garde-corps en verre<\/a><\/li><li>Rampe en verre<\/li><li>Comptoir et lavabo<\/li><li><a href=\"https:\/\/www.verrelefutur.com\/fr\/services\/miroirs-sur-mesure\/\">Mur, porte-miroir<\/a><\/li><li><a href=\"https:\/\/www.verrelefutur.com\/fr\/services\/meubles-en-verre-sur-mesure\/\">Meuble<\/a><\/li><li><a href=\"https:\/\/www.verrelefutur.com\/fr\/services\/cloture-de-piscine\/\">Cl\u00f4ture de piscine<\/a><\/li><li>Et plus encore<\/li><\/ul><h3>Produits professionnels \u00e0 vendre<\/h3><ul><li>Nettoyant \u00e0 vitre Sprayway<\/li><li>Produit de finition Bio-Clean (sans ammoniac)<\/li><\/ul><\/div>\n<\/p><\/div>\n<p><!-- \/lc-block -->\n\t\t\t<\/div>\n<p><!-- \/col -->\n\t\t<\/div>\n<\/p><\/div>\n<\/section>\n<section class=\"realisations-container\">\n<div class=\"container\">\n<div class=\"row\">\n<div class=\"col-md-12\">\n<div class=\"lc-block text-center\">\n<div editable=\"rich\">\n<h2>R\u00e9alisations<\/h2>\n<h3>Voici quelques-uns de nos projets en verre<\/h3>\n<\/p><\/div>\n<\/p><\/div>\n<p><!-- \/lc-block --><\/p>\n<div class=\"lc-block\">\n<div lc-helper=\"shortcode\" class=\"live-shortcode\"><div class=\"galerie-slider mb-4\"><ul class=\"slides\"><li><a href=\"https:\/\/www.verrelefutur.com\/wp-content\/uploads\/2021\/02\/image2-768x1024.jpeg\"><picture><srcset src=\"https:\/\/www.verrelefutur.com\/wp-content\/uploads\/2021\/02\/image2-260x260.webp\" type=\"image\/webp\"><img decoding=\"async\" src=\"https:\/\/www.verrelefutur.com\/wp-content\/uploads\/2021\/02\/image2-260x260.jpeg\" alt=\"\" data-skip-lazy><\/pictuire><\/a><\/li><li><a href=\"https:\/\/www.verrelefutur.com\/wp-content\/uploads\/2021\/02\/image1.jpeg\"><picture><srcset src=\"https:\/\/www.verrelefutur.com\/wp-content\/uploads\/2021\/02\/image1-260x260.webp\" type=\"image\/webp\"><img decoding=\"async\" src=\"https:\/\/www.verrelefutur.com\/wp-content\/uploads\/2021\/02\/image1-260x260.jpeg\" alt=\"\" data-skip-lazy><\/pictuire><\/a><\/li><li><a href=\"https:\/\/www.verrelefutur.com\/wp-content\/uploads\/2021\/02\/image1-2-768x1024.jpeg\"><picture><srcset src=\"https:\/\/www.verrelefutur.com\/wp-content\/uploads\/2021\/02\/image1-2-260x260.webp\" type=\"image\/webp\"><img decoding=\"async\" src=\"https:\/\/www.verrelefutur.com\/wp-content\/uploads\/2021\/02\/image1-2-260x260.jpeg\" alt=\"\" data-skip-lazy><\/pictuire><\/a><\/li><li><a href=\"https:\/\/www.verrelefutur.com\/wp-content\/uploads\/2021\/02\/image0-768x1024.jpeg\"><picture><srcset src=\"https:\/\/www.verrelefutur.com\/wp-content\/uploads\/2021\/02\/image0-260x260.webp\" type=\"image\/webp\"><img decoding=\"async\" src=\"https:\/\/www.verrelefutur.com\/wp-content\/uploads\/2021\/02\/image0-260x260.jpeg\" alt=\"\" data-skip-lazy><\/pictuire><\/a><\/li><li><a href=\"https:\/\/www.verrelefutur.com\/wp-content\/uploads\/2021\/02\/116201351_4124366260967196_3830611925133453732_o-1024x768.jpg\"><picture><srcset src=\"https:\/\/www.verrelefutur.com\/wp-content\/uploads\/2021\/02\/116201351_4124366260967196_3830611925133453732_o-260x260.webp\" type=\"image\/webp\"><img decoding=\"async\" src=\"https:\/\/www.verrelefutur.com\/wp-content\/uploads\/2021\/02\/116201351_4124366260967196_3830611925133453732_o-260x260.jpg\" alt=\"\" data-skip-lazy><\/pictuire><\/a><\/li><li><a href=\"https:\/\/www.verrelefutur.com\/wp-content\/uploads\/2021\/02\/106170161_3998084533595370_9137911793387396244_n.jpg\"><picture><srcset src=\"https:\/\/www.verrelefutur.com\/wp-content\/uploads\/2021\/02\/106170161_3998084533595370_9137911793387396244_n-260x260.webp\" type=\"image\/webp\"><img decoding=\"async\" src=\"https:\/\/www.verrelefutur.com\/wp-content\/uploads\/2021\/02\/106170161_3998084533595370_9137911793387396244_n-260x260.jpg\" alt=\"\" data-skip-lazy><\/pictuire><\/a><\/li><li><a href=\"https:\/\/www.verrelefutur.com\/wp-content\/uploads\/2021\/02\/105977332_3998084463595377_2254220612648970160_n.jpg\"><picture><srcset src=\"https:\/\/www.verrelefutur.com\/wp-content\/uploads\/2021\/02\/105977332_3998084463595377_2254220612648970160_n-260x260.webp\" type=\"image\/webp\"><img decoding=\"async\" src=\"https:\/\/www.verrelefutur.com\/wp-content\/uploads\/2021\/02\/105977332_3998084463595377_2254220612648970160_n-260x260.jpg\" alt=\"\" data-skip-lazy><\/pictuire><\/a><\/li><li><a href=\"https:\/\/www.verrelefutur.com\/wp-content\/uploads\/2021\/02\/103102734_3932170220186802_8461396103613202439_o-576x1024.jpg\"><picture><srcset src=\"https:\/\/www.verrelefutur.com\/wp-content\/uploads\/2021\/02\/103102734_3932170220186802_8461396103613202439_o-260x260.webp\" type=\"image\/webp\"><img decoding=\"async\" src=\"https:\/\/www.verrelefutur.com\/wp-content\/uploads\/2021\/02\/103102734_3932170220186802_8461396103613202439_o-260x260.jpg\" alt=\"\" data-skip-lazy><\/pictuire><\/a><\/li><li><a href=\"https:\/\/www.verrelefutur.com\/wp-content\/uploads\/2021\/02\/99557313_3845200225550469_3013598755682254848_o-1024x768.jpg\"><picture><srcset src=\"https:\/\/www.verrelefutur.com\/wp-content\/uploads\/2021\/02\/99557313_3845200225550469_3013598755682254848_o-260x260.webp\" type=\"image\/webp\"><img decoding=\"async\" src=\"https:\/\/www.verrelefutur.com\/wp-content\/uploads\/2021\/02\/99557313_3845200225550469_3013598755682254848_o-260x260.jpg\" alt=\"\" data-skip-lazy><\/pictuire><\/a><\/li><li><a href=\"https:\/\/www.verrelefutur.com\/wp-content\/uploads\/2021\/02\/99008577_3845200592217099_2446988137210052608_o-1024x768.jpg\"><picture><srcset src=\"https:\/\/www.verrelefutur.com\/wp-content\/uploads\/2021\/02\/99008577_3845200592217099_2446988137210052608_o-260x260.webp\" type=\"image\/webp\"><img decoding=\"async\" src=\"https:\/\/www.verrelefutur.com\/wp-content\/uploads\/2021\/02\/99008577_3845200592217099_2446988137210052608_o-260x260.jpg\" alt=\"\" data-skip-lazy><\/pictuire><\/a><\/li><li><a href=\"https:\/\/www.verrelefutur.com\/wp-content\/uploads\/2021\/02\/IMG_1497-1024x510.jpg\"><picture><srcset src=\"https:\/\/www.verrelefutur.com\/wp-content\/uploads\/2021\/02\/IMG_1497-260x260.webp\" type=\"image\/webp\"><img decoding=\"async\" src=\"https:\/\/www.verrelefutur.com\/wp-content\/uploads\/2021\/02\/IMG_1497-260x260.jpg\" alt=\"\" data-skip-lazy><\/pictuire><\/a><\/li><li><a href=\"https:\/\/www.verrelefutur.com\/wp-content\/uploads\/2021\/02\/IMG_1477-1024x768.jpg\"><picture><srcset src=\"https:\/\/www.verrelefutur.com\/wp-content\/uploads\/2021\/02\/IMG_1477-260x260.webp\" type=\"image\/webp\"><img decoding=\"async\" src=\"https:\/\/www.verrelefutur.com\/wp-content\/uploads\/2021\/02\/IMG_1477-260x260.jpg\" alt=\"\" data-skip-lazy><\/pictuire><\/a><\/li><li><a href=\"https:\/\/www.verrelefutur.com\/wp-content\/uploads\/2021\/02\/IMG_1257-1024x768.jpg\"><picture><srcset src=\"https:\/\/www.verrelefutur.com\/wp-content\/uploads\/2021\/02\/IMG_1257-260x260.webp\" type=\"image\/webp\"><img decoding=\"async\" src=\"https:\/\/www.verrelefutur.com\/wp-content\/uploads\/2021\/02\/IMG_1257-260x260.jpg\" alt=\"\" data-skip-lazy><\/pictuire><\/a><\/li><\/ul><\/div><\/div>\n<\/p><\/div>\n<p><!-- \/lc-block --><\/p>\n<div class=\"lc-block\">\n<div lc-helper=\"shortcode\" class=\"live-shortcode text-center\"><a class=\"btn contact\" href=\"https:\/\/www.verrelefutur.com\/fr\/nos-realisations\/\" aria-label=\"En voir plus\">En voir plus<\/a><\/div>\n<\/p><\/div>\n<p><!-- \/lc-block -->\n\t\t\t<\/div>\n<p><!-- \/col -->\n\t\t<\/div>\n<\/p><\/div>\n<\/section>\n<section class=\"depositaire-container\">\n<div class=\"container\">\n<div class=\"row\">\n<div class=\"col-lg-12 col-xl-10 col-xxl-8 mx-auto\">\n<div class=\"lc-block text-center\">\n<div editable=\"rich\">\n<h4 class=\"h2\">D\u00e9positaire officiel du verre anti-tache ShowerGuard\u00ae<\/h4>\n<p>Verre Le Futur est un d\u00e9positaire officiel du verre ShowerGuard\u00ae, fabriqu\u00e9 par Guardian InGlass. Ce verre dot\u00e9 d\u2019une couche de protection est facile \u00e0 nettoyer malgr\u00e9 le calcaire dans l\u2019eau. Antitache et garanti \u00e0 vie, c\u2019est un mat\u00e9riau id\u00e9al pour les portes et parois de douches.<\/p>\n<p>Nous travaillons avec les produits de la quincaillerie <a href=\"https:\/\/www.crlaurence.ca\/\" rel=\"nofollow noopener\" target=\"_blank\">CR Laurence<\/a> et de la Quincaillerie Richelieu <\/p>\n<\/p><\/div>\n<\/p><\/div>\n<p><!-- \/lc-block -->\n\t\t\t<\/div>\n<p><!-- \/col -->\n\t\t<\/div>\n<\/p><\/div>\n<\/section>\n","protected":false},"excerpt":{"rendered":"<p>Verre le futur L\u2019expert du verre et du miroir sur la Rive-Sud Vous \u00eates \u00e0 la recherche d\u2019un vitrier sur la Rive-Sud?Contactez-nous pour tous vos projets verre et miroir ! Chez Verre Le Futur, nous sommes vos sp\u00e9cialistes du verre et du miroir sur la Rive-Sud et partout au Qu\u00e9bec. D\u00e9couvrir Verre Le Futur, c\u2019est [&hellip;]<\/p>\n","protected":false},"author":1,"featured_media":0,"parent":0,"menu_order":0,"comment_status":"closed","ping_status":"open","template":"","meta":{"footnotes":""},"class_list":["post-2","page","type-page","status-publish","hentry"],"_links":{"self":[{"href":"https:\/\/www.verrelefutur.com\/fr\/wp-json\/wp\/v2\/pages\/2","targetHints":{"allow":["GET"]}}],"collection":[{"href":"https:\/\/www.verrelefutur.com\/fr\/wp-json\/wp\/v2\/pages"}],"about":[{"href":"https:\/\/www.verrelefutur.com\/fr\/wp-json\/wp\/v2\/types\/page"}],"author":[{"embeddable":true,"href":"https:\/\/www.verrelefutur.com\/fr\/wp-json\/wp\/v2\/users\/1"}],"replies":[{"embeddable":true,"href":"https:\/\/www.verrelefutur.com\/fr\/wp-json\/wp\/v2\/comments?post=2"}],"version-history":[{"count":26,"href":"https:\/\/www.verrelefutur.com\/fr\/wp-json\/wp\/v2\/pages\/2\/revisions"}],"predecessor-version":[{"id":1494,"href":"https:\/\/www.verrelefutur.com\/fr\/wp-json\/wp\/v2\/pages\/2\/revisions\/1494"}],"wp:attachment":[{"href":"https:\/\/www.verrelefutur.com\/fr\/wp-json\/wp\/v2\/media?parent=2"}],"curies":[{"name":"wp","href":"https:\/\/api.w.org\/{rel}","templated":true}]}}