{"id":19,"date":"2021-02-16T15:07:40","date_gmt":"2021-02-16T15:07:40","guid":{"rendered":"https:\/\/www.verrelefutur.com?page_id=19"},"modified":"2024-10-15T12:59:50","modified_gmt":"2024-10-15T12:59:50","slug":"meubles-en-verre-sur-mesure","status":"publish","type":"page","link":"https:\/\/www.verrelefutur.com\/fr\/services\/meubles-en-verre-sur-mesure\/","title":{"rendered":"Meubles en verre sur mesure"},"content":{"rendered":"<section class=\"h1-container meubles text-center\">\n<div class=\"container\">\n<div class=\"row\">\n<div class=\"col-md-11 col-lg-8 col-xl-6 col-xxl-5 mx-auto\">\n<div class=\"lc-block h1-div\">\n<div editable=\"rich\">\n<h1><strong>Verre le futur <\/strong>Services de vitrier sur la Rive-Sud<\/h1>\n<\/p><\/div>\n<\/p><\/div>\n<p><!-- \/lc-block --><\/p>\n<div class=\"lc-block\">\n<div lc-helper=\"shortcode\" class=\"live-shortcode\"><a class=\"contact btn\" href=\"https:\/\/www.verrelefutur.com\/fr\/nous-joindre\/\" aria-label=\"Parlez-nous de votre projet\">Parlez-nous de votre projet<\/a><\/div>\n<\/p><\/div>\n<p><!-- \/lc-block -->\n\t\t\t<\/div>\n<p><!-- \/col -->\n\t\t<\/div>\n<\/p><\/div>\n<\/section>\n<section class=\"content-container\">\n<div class=\"container\">\n<div class=\"row\">\n<div class=\"col-lg-7 col-xxl-6\">\n<div class=\"lc-block\">\n<div editable=\"rich\">\n<h2>Meubles en verre sur mesure<\/h2>\n<p>Verre Le Futur exploite les possibilit\u00e9s infinies en vitrerie : nous laissons votre imagination s\u2019exprimer! En plus des douches en verre, rampes en verre, dosserets et du mobilier de salle de bain en verre, nous fabriquons des meubles en verre sur mesure sur la Rive-Sud:<\/p>\n<ul>\n<li>Tables basses et de salle \u00e0 manger<\/li>\n<li>Consoles<\/li>\n<li>Tablettes<\/li>\n<li>Meubles vitrines<\/li>\n<li>Etc.<\/li>\n<\/ul>\n<h3>Des cr\u00e9ations originales selon vos exigences<\/h3>\n<p>Gr\u00e2ce \u00e0 notre service personnalis\u00e9, chez Verre Le Futur, nous pouvons r\u00e9aliser des cr\u00e9ations en verre qui respectent parfaitement vos demandes. Vous n\u2019avez qu\u2019\u00e0 imaginer le motif et les effets que vous souhaitez : sculpt\u00e9, laqu\u00e9, bris\u00e9, \u00e9clat\u00e9\u2026 Nous l\u2019ex\u00e9cuterons selon vos dimensions et sp\u00e9cifications.<\/p>\n<p>Chez Verre Le Futur, nous desservons la client\u00e8le r\u00e9sidentielle et commerciale de toute la province du Qu\u00e9bec. Appelez-nous pour discuter de vos besoins!<\/p>\n<\/p><\/div>\n<\/p><\/div>\n<p><!-- \/lc-block --><\/p>\n<div class=\"lc-block\">\n<div lc-helper=\"shortcode\" class=\"live-shortcode\"><a class=\"contact btn\" href=\"https:\/\/www.verrelefutur.com\/fr\/nous-joindre\/\" aria-label=\"R\u00e9alisons vos id\u00e9es\">R\u00e9alisons vos id\u00e9es<\/a><\/div>\n<\/p><\/div>\n<p><!-- \/lc-block -->\n\t\t\t<\/div>\n<p><!-- \/col --><\/p>\n<div class=\"col-lg-5 ml-auto\">\n<div class=\"lc-block liste-services\">\n<div editable=\"rich\">\n<h3>Services<\/h3>\n<ul><li><a href=\"https:\/\/www.verrelefutur.com\/fr\/services\/douche-en-verre\/\">Douche en verre<\/a><\/li><li><a href=\"https:\/\/www.verrelefutur.com\/fr\/services\/garde-corps-en-verre\/\">Garde-corps en verre<\/a><\/li><li><a href=\"https:\/\/www.verrelefutur.com\/fr\/services\/miroirs-sur-mesure\/\">Miroirs sur mesure<\/a><\/li><li><a href=\"https:\/\/www.verrelefutur.com\/fr\/services\/celliers-en-verre\/\">Celliers en verre<\/a><\/li><li><a href=\"https:\/\/www.verrelefutur.com\/fr\/services\/meubles-en-verre-sur-mesure\/\">Meubles en verre sur mesure<\/a><\/li><li><a href=\"https:\/\/www.verrelefutur.com\/fr\/services\/cloture-de-piscine\/\">Cl\u00f4ture de piscine en verre<\/a><\/li><\/ul><\/div>\n<\/p><\/div>\n<p><!-- \/lc-block -->\n\t\t\t<\/div>\n<p><!-- \/col -->\n\t\t<\/div>\n<\/p><\/div>\n<\/section>\n<section class=\"realisations-container\">\n<div class=\"container\">\n<div class=\"row\">\n<div class=\"col-md-12\">\n<div class=\"lc-block text-center\">\n<div editable=\"rich\">\n<h2>R\u00e9alisations<\/h2>\n<h3>Voici quelques uns de nos projets<\/h3>\n<\/p><\/div>\n<\/p><\/div>\n<p><!-- \/lc-block --><\/p>\n<div class=\"lc-block\">\n<div lc-helper=\"shortcode\" class=\"live-shortcode\"><div id=\"envira-gallery-wrap-269\" class=\"envira-gallery-wrap envira-gallery-theme-base envira-lightbox-theme-base\" itemscope itemtype=\"https:\/\/schema.org\/ImageGallery\"><div data-row-height=\"345\" data-gallery-theme=\"normal\" id=\"envira-gallery-269\" class=\"envira-gallery-public envira-gallery-justified-public envira-gallery-0-columns envira-clear enviratope envira-gallery-css-animations\" data-envira-columns=\"0\"><div id=\"envira-gallery-item-267\" class=\"envira-gallery-item enviratope-item envira-gallery-item-1\" style=\"padding-left: 5px; padding-bottom: 10px; padding-right: 5px;\"  itemscope itemtype=\"https:\/\/schema.org\/ImageObject\"><div class=\"envira-gallery-item-inner\"><div class=\"envira-gallery-position-overlay  envira-gallery-top-left\"><\/div><div class=\"envira-gallery-position-overlay  envira-gallery-top-right\"><\/div><div class=\"envira-gallery-position-overlay  envira-gallery-bottom-left\"><\/div><div class=\"envira-gallery-position-overlay  envira-gallery-bottom-right\"><\/div><a href=\"https:\/\/www.verrelefutur.com\/wp-content\/uploads\/2021\/02\/Verre.jpg\" class=\"envira-gallery-269 envira-gallery-link\" rel=\"enviragallery269\" title=\"Verre\" data-envira-caption=\"Verre\" data-envira-retina=\"\" data-thumbnail=\"\"  itemprop=\"contentUrl\"><img decoding=\"async\" id=\"envira-gallery-image-267\" class=\"envira-gallery-image envira-gallery-image-1 envira-normal \" data-envira-index=\"1\" src=\"https:\/\/www.verrelefutur.com\/wp-content\/uploads\/2021\/02\/Verre-1024x576-345x345_c.jpg\" data-envira-src=\"https:\/\/www.verrelefutur.com\/wp-content\/uploads\/2021\/02\/Verre-1024x576-345x345_c.jpg\" data-envira-gallery-id=\"269\" data-envira-item-id=\"267\" data-envira-caption=\"Verre\" alt=\"\" title=\"Verre\"  itemprop=\"thumbnailUrl\" data-envira-srcset=\"https:\/\/www.verrelefutur.com\/wp-content\/uploads\/2021\/02\/Verre-1024x576-345x345_c.jpg 400w,https:\/\/www.verrelefutur.com\/wp-content\/uploads\/2021\/02\/Verre-1024x576-345x345_c.jpg 2x\" data-envira-width=\"345\" data-envira-height=\"345\" srcset=\"https:\/\/www.verrelefutur.com\/wp-content\/uploads\/2021\/02\/Verre-690x690_c.jpg 2x\" data-safe-src=\"https:\/\/www.verrelefutur.com\/wp-content\/uploads\/2021\/02\/Verre-1024x576-345x345_c.jpg\" \/><\/a><\/div><\/div><div id=\"envira-gallery-item-1399\" class=\"envira-gallery-item enviratope-item envira-gallery-item-2\" style=\"padding-left: 5px; padding-bottom: 10px; padding-right: 5px;\"  itemscope itemtype=\"https:\/\/schema.org\/ImageObject\"><div class=\"envira-gallery-item-inner\"><div class=\"envira-gallery-position-overlay  envira-gallery-top-left\"><\/div><div class=\"envira-gallery-position-overlay  envira-gallery-top-right\"><\/div><div class=\"envira-gallery-position-overlay  envira-gallery-bottom-left\"><\/div><div class=\"envira-gallery-position-overlay  envira-gallery-bottom-right\"><\/div><a href=\"https:\/\/www.verrelefutur.com\/wp-content\/uploads\/2021\/03\/Meuble1.jpg\" class=\"envira-gallery-269 envira-gallery-link\" rel=\"enviragallery269\" title=\"Meuble1\" data-envira-caption=\"Meuble1\" data-envira-retina=\"\" data-thumbnail=\"\"  itemprop=\"contentUrl\"><img decoding=\"async\" id=\"envira-gallery-image-1399\" class=\"envira-gallery-image envira-gallery-image-2 envira-normal \" data-envira-index=\"2\" src=\"https:\/\/www.verrelefutur.com\/wp-content\/uploads\/2021\/03\/Meuble1-1024x684-345x345_c.jpg\" data-envira-src=\"https:\/\/www.verrelefutur.com\/wp-content\/uploads\/2021\/03\/Meuble1-1024x684-345x345_c.jpg\" data-envira-gallery-id=\"269\" data-envira-item-id=\"1399\" data-envira-caption=\"Meuble1\" alt=\"\" title=\"Meuble1\"  itemprop=\"thumbnailUrl\" data-envira-srcset=\"https:\/\/www.verrelefutur.com\/wp-content\/uploads\/2021\/03\/Meuble1-1024x684-345x345_c.jpg 400w,https:\/\/www.verrelefutur.com\/wp-content\/uploads\/2021\/03\/Meuble1-1024x684-345x345_c.jpg 2x\" data-envira-width=\"345\" data-envira-height=\"345\" srcset=\"https:\/\/www.verrelefutur.com\/wp-content\/uploads\/2021\/03\/Meuble1-690x690_c.jpg 2x\" data-safe-src=\"https:\/\/www.verrelefutur.com\/wp-content\/uploads\/2021\/03\/Meuble1-1024x684-345x345_c.jpg\" \/><\/a><\/div><\/div><div id=\"envira-gallery-item-1401\" class=\"envira-gallery-item enviratope-item envira-gallery-item-3\" style=\"padding-left: 5px; padding-bottom: 10px; padding-right: 5px;\"  itemscope itemtype=\"https:\/\/schema.org\/ImageObject\"><div class=\"envira-gallery-item-inner\"><div class=\"envira-gallery-position-overlay  envira-gallery-top-left\"><\/div><div class=\"envira-gallery-position-overlay  envira-gallery-top-right\"><\/div><div class=\"envira-gallery-position-overlay  envira-gallery-bottom-left\"><\/div><div class=\"envira-gallery-position-overlay  envira-gallery-bottom-right\"><\/div><a href=\"https:\/\/www.verrelefutur.com\/wp-content\/uploads\/2021\/03\/Meuble2.jpg\" class=\"envira-gallery-269 envira-gallery-link\" rel=\"enviragallery269\" title=\"Meuble2\" data-envira-caption=\"Meuble2\" data-envira-retina=\"\" data-thumbnail=\"\"  itemprop=\"contentUrl\"><img decoding=\"async\" id=\"envira-gallery-image-1401\" class=\"envira-gallery-image envira-gallery-image-3 envira-normal \" data-envira-index=\"3\" src=\"https:\/\/www.verrelefutur.com\/wp-content\/uploads\/2021\/03\/Meuble2-345x345_c.jpg\" data-envira-src=\"https:\/\/www.verrelefutur.com\/wp-content\/uploads\/2021\/03\/Meuble2-345x345_c.jpg\" data-envira-gallery-id=\"269\" data-envira-item-id=\"1401\" data-envira-caption=\"Meuble2\" alt=\"\" title=\"Meuble2\"  itemprop=\"thumbnailUrl\" data-envira-srcset=\"https:\/\/www.verrelefutur.com\/wp-content\/uploads\/2021\/03\/Meuble2-345x345_c.jpg 400w,https:\/\/www.verrelefutur.com\/wp-content\/uploads\/2021\/03\/Meuble2-345x345_c.jpg 2x\" data-envira-width=\"345\" data-envira-height=\"345\" srcset=\"https:\/\/www.verrelefutur.com\/wp-content\/uploads\/2021\/03\/Meuble2-690x690_c.jpg 2x\" data-safe-src=\"https:\/\/www.verrelefutur.com\/wp-content\/uploads\/2021\/03\/Meuble2-345x345_c.jpg\" \/><\/a><\/div><\/div><div id=\"envira-gallery-item-1579\" class=\"envira-gallery-item enviratope-item envira-gallery-item-4\" style=\"padding-left: 5px; padding-bottom: 10px; padding-right: 5px;\"  itemscope itemtype=\"https:\/\/schema.org\/ImageObject\"><div class=\"envira-gallery-item-inner\"><div class=\"envira-gallery-position-overlay  envira-gallery-top-left\"><\/div><div class=\"envira-gallery-position-overlay  envira-gallery-top-right\"><\/div><div class=\"envira-gallery-position-overlay  envira-gallery-bottom-left\"><\/div><div class=\"envira-gallery-position-overlay  envira-gallery-bottom-right\"><\/div><a href=\"https:\/\/www.verrelefutur.com\/wp-content\/uploads\/2026\/03\/Dosseret-de-verre-peint.jpg\" class=\"envira-gallery-269 envira-gallery-link\" rel=\"enviragallery269\" title=\"Dosseret de verre peint\" data-envira-caption=\"Dosseret de verre peint\" data-envira-retina=\"\" data-thumbnail=\"\"  itemprop=\"contentUrl\"><img decoding=\"async\" id=\"envira-gallery-image-1579\" class=\"envira-gallery-image envira-gallery-image-4 envira-normal \" data-envira-index=\"4\" src=\"https:\/\/www.verrelefutur.com\/wp-content\/uploads\/2026\/03\/Dosseret-de-verre-peint-1024x768-345x345_c.jpg\" data-envira-src=\"https:\/\/www.verrelefutur.com\/wp-content\/uploads\/2026\/03\/Dosseret-de-verre-peint-1024x768-345x345_c.jpg\" data-envira-gallery-id=\"269\" data-envira-item-id=\"1579\" data-envira-caption=\"Dosseret de verre peint\" alt=\"\" title=\"Dosseret de verre peint\"  itemprop=\"thumbnailUrl\" data-envira-srcset=\"https:\/\/www.verrelefutur.com\/wp-content\/uploads\/2026\/03\/Dosseret-de-verre-peint-1024x768-345x345_c.jpg 400w,https:\/\/www.verrelefutur.com\/wp-content\/uploads\/2026\/03\/Dosseret-de-verre-peint-1024x768-345x345_c.jpg 2x\" data-envira-width=\"345\" data-envira-height=\"345\" srcset=\"https:\/\/www.verrelefutur.com\/wp-content\/uploads\/2026\/03\/Dosseret-de-verre-peint-690x690_c.jpg 2x\" data-safe-src=\"https:\/\/www.verrelefutur.com\/wp-content\/uploads\/2026\/03\/Dosseret-de-verre-peint-1024x768-345x345_c.jpg\" \/><\/a><\/div><\/div><\/div><\/div><noscript><\/noscript><\/div>\n<\/p><\/div>\n<p><!-- \/lc-block --><br \/>\n\t\t\t\t<!-- \/lc-block -->\n\t\t\t<\/div>\n<p><!-- \/col -->\n\t\t<\/div>\n<\/p><\/div>\n<\/section>\n","protected":false},"excerpt":{"rendered":"<p>Verre le futur Services de vitrier sur la Rive-Sud Meubles en verre sur mesure Verre Le Futur exploite les possibilit\u00e9s infinies en vitrerie : nous laissons votre imagination s\u2019exprimer! En plus des douches en verre, rampes en verre, dosserets et du mobilier de salle de bain en verre, nous fabriquons des meubles en verre sur [&hellip;]<\/p>\n","protected":false},"author":1,"featured_media":0,"parent":75,"menu_order":0,"comment_status":"closed","ping_status":"closed","template":"","meta":{"footnotes":""},"class_list":["post-19","page","type-page","status-publish","hentry"],"_links":{"self":[{"href":"https:\/\/www.verrelefutur.com\/fr\/wp-json\/wp\/v2\/pages\/19","targetHints":{"allow":["GET"]}}],"collection":[{"href":"https:\/\/www.verrelefutur.com\/fr\/wp-json\/wp\/v2\/pages"}],"about":[{"href":"https:\/\/www.verrelefutur.com\/fr\/wp-json\/wp\/v2\/types\/page"}],"author":[{"embeddable":true,"href":"https:\/\/www.verrelefutur.com\/fr\/wp-json\/wp\/v2\/users\/1"}],"replies":[{"embeddable":true,"href":"https:\/\/www.verrelefutur.com\/fr\/wp-json\/wp\/v2\/comments?post=19"}],"version-history":[{"count":7,"href":"https:\/\/www.verrelefutur.com\/fr\/wp-json\/wp\/v2\/pages\/19\/revisions"}],"predecessor-version":[{"id":1501,"href":"https:\/\/www.verrelefutur.com\/fr\/wp-json\/wp\/v2\/pages\/19\/revisions\/1501"}],"up":[{"embeddable":true,"href":"https:\/\/www.verrelefutur.com\/fr\/wp-json\/wp\/v2\/pages\/75"}],"wp:attachment":[{"href":"https:\/\/www.verrelefutur.com\/fr\/wp-json\/wp\/v2\/media?parent=19"}],"curies":[{"name":"wp","href":"https:\/\/api.w.org\/{rel}","templated":true}]}}