{"id":15,"date":"2021-02-16T15:06:17","date_gmt":"2021-02-16T15:06:17","guid":{"rendered":"https:\/\/www.verrelefutur.com?page_id=15"},"modified":"2024-10-15T13:09:42","modified_gmt":"2024-10-15T13:09:42","slug":"miroirs-sur-mesure","status":"publish","type":"page","link":"https:\/\/www.verrelefutur.com\/fr\/services\/miroirs-sur-mesure\/","title":{"rendered":"Miroirs sur mesure"},"content":{"rendered":"<section class=\"h1-container miroirs text-center\">\n<div class=\"container\">\n<div class=\"row\">\n<div class=\"col-md-11 col-lg-8 col-xl-6 col-xxl-5 mx-auto\">\n<div class=\"lc-block h1-div\">\n<div editable=\"rich\">\n<h1><strong>Verre le futur <\/strong>Services de vitrier sur la Rive-Sud<\/h1>\n<\/p><\/div>\n<\/p><\/div>\n<p><!-- \/lc-block --><\/p>\n<div class=\"lc-block\">\n<div lc-helper=\"shortcode\" class=\"live-shortcode\"><a class=\"contact btn\" href=\"https:\/\/www.verrelefutur.com\/fr\/nous-joindre\/\" aria-label=\"Parlez-nous de votre projet\">Parlez-nous de votre projet<\/a><\/div>\n<\/p><\/div>\n<p><!-- \/lc-block -->\n\t\t\t<\/div>\n<p><!-- \/col -->\n\t\t<\/div>\n<\/p><\/div>\n<\/section>\n<section class=\"content-container\">\n<div class=\"container\">\n<div class=\"row\">\n<div class=\"col-lg-7 col-xxl-6\">\n<div class=\"lc-block\">\n<div editable=\"rich\">\n<h2>Miroirs sur mesure<\/h2>\n<h3>Scultp\u00e9s, laqu\u00e9s ou graves<\/h3>\n<p>Verre Le Futur vous propose de rendre votre d\u00e9cor somptueux gr\u00e2ce \u00e0 nos miroirs sur mesure sur la Rive-Sud. Ils seront livr\u00e9s et install\u00e9s avec soin et en toute s\u00e9curit\u00e9. Chez Verre Le Futur, nos services personnalis\u00e9s vous offriront le produit parfait pour votre r\u00e9sidence comme pour un espace commercial ou institutionnel tel un studio de danse, une \u00e9cole, etc.<\/p>\n<p>Nos designs exclusifs sont sculpt\u00e9s, laqu\u00e9s, \u00e9clat\u00e9s ou travaill\u00e9s au jet de sable. Chez Verre Le Futur, nous pouvons les graver selon vos go\u00fbts et leur donner la coupe que vous d\u00e9sirez : r\u00e9guli\u00e8re, irr\u00e9guli\u00e8re, biseaut\u00e9e. Les possibilit\u00e9s sont infinies et la soumission est gratuite. <\/p>\n<p>Contactez-nous<\/p>\n<h3>Nos produits de vitrerie sur mesure<\/h3>\n<ul>\n<li>Portes-miroirs : pliantes, coulissantes et \u00e0 pivots<\/li>\n<li>Miroir avec lumi\u00e8re encastr\u00e9e<\/li>\n<li>Miroir en coin<\/li>\n<li>Mur de miroir<\/li>\n<li>Miroir de plafond<\/li>\n<\/ul>\n<h3>Le reflet de votre imagination<\/h3>\n<p>Impression de rideaux, motifs animaliers, floraux ou autres, nos miroirs sont de v\u00e9ritables \u0153uvres d\u2019art qui donnent une impression d\u2019espace et accentuent la luminosit\u00e9 de toutes les pi\u00e8ces. Imaginez le motif que vous aimeriez avoir et nous le r\u00e9aliserons pour vous!<\/p>\n<p>Avec Verre Le Futur, faites de votre foyer le point central de la pi\u00e8ce en l\u2019habillant de miroirs : effet grandiose assur\u00e9! Plusieurs possibilit\u00e9s de design s\u2019offrent \u00e0 vous : miroirs deux tons, avec dessin au jet de sable, bordure, et plus encore. Tous nos produits de vitrerie sont garantis 5 ans. Notre designer se d\u00e9placera chez vous pour une mise en valeur sans fausse note.<\/p>\n<p>**Valeur ajout\u00e9e <br \/>Cl\u00f4tures en verre, rampes ou garde-corps en verre <\/p>\n<\/p><\/div>\n<\/p><\/div>\n<p><!-- \/lc-block --><\/p>\n<div class=\"lc-block\">\n<div lc-helper=\"shortcode\" class=\"live-shortcode\"><a class=\"contact btn\" href=\"https:\/\/www.verrelefutur.com\/fr\/nous-joindre\/\" aria-label=\"R\u00e9alisons vos id\u00e9es\">R\u00e9alisons vos id\u00e9es<\/a><\/div>\n<\/p><\/div>\n<p><!-- \/lc-block -->\n\t\t\t<\/div>\n<p><!-- \/col --><\/p>\n<div class=\"col-lg-5 ml-auto\">\n<div class=\"lc-block liste-services\">\n<div editable=\"rich\">\n<h3>Services<\/h3>\n<ul><li><a href=\"https:\/\/www.verrelefutur.com\/fr\/services\/douche-en-verre\/\">Douche en verre<\/a><\/li><li><a href=\"https:\/\/www.verrelefutur.com\/fr\/services\/garde-corps-en-verre\/\">Garde-corps en verre<\/a><\/li><li><a href=\"https:\/\/www.verrelefutur.com\/fr\/services\/miroirs-sur-mesure\/\">Miroirs sur mesure<\/a><\/li><li><a href=\"https:\/\/www.verrelefutur.com\/fr\/services\/celliers-en-verre\/\">Celliers en verre<\/a><\/li><li><a href=\"https:\/\/www.verrelefutur.com\/fr\/services\/meubles-en-verre-sur-mesure\/\">Meubles en verre sur mesure<\/a><\/li><li><a href=\"https:\/\/www.verrelefutur.com\/fr\/services\/cloture-de-piscine\/\">Cl\u00f4ture de piscine en verre<\/a><\/li><\/ul><\/div>\n<\/p><\/div>\n<p><!-- \/lc-block -->\n\t\t\t<\/div>\n<p><!-- \/col -->\n\t\t<\/div>\n<\/p><\/div>\n<\/section>\n<section class=\"realisations-container\">\n<div class=\"container\">\n<div class=\"row\">\n<div class=\"col-md-12\">\n<div class=\"lc-block text-center\">\n<div editable=\"rich\">\n<h2>R\u00e9alisations<\/h2>\n<h3>Voici quelques uns de nos projets<\/h3>\n<\/p><\/div>\n<\/p><\/div>\n<p><!-- \/lc-block --><\/p>\n<div class=\"lc-block\">\n<div lc-helper=\"shortcode\" class=\"live-shortcode\"><div id=\"envira-gallery-wrap-316\" class=\"envira-gallery-wrap envira-gallery-theme-base envira-lightbox-theme-base\" itemscope itemtype=\"https:\/\/schema.org\/ImageGallery\"><div data-row-height=\"345\" data-gallery-theme=\"normal\" id=\"envira-gallery-316\" class=\"envira-gallery-public envira-gallery-justified-public envira-gallery-0-columns envira-clear enviratope envira-gallery-css-animations\" data-envira-columns=\"0\"><div id=\"envira-gallery-item-1403\" class=\"envira-gallery-item enviratope-item envira-gallery-item-1\" style=\"padding-left: 5px; padding-bottom: 10px; padding-right: 5px;\"  itemscope itemtype=\"https:\/\/schema.org\/ImageObject\"><div class=\"envira-gallery-item-inner\"><div class=\"envira-gallery-position-overlay  envira-gallery-top-left\"><\/div><div class=\"envira-gallery-position-overlay  envira-gallery-top-right\"><\/div><div class=\"envira-gallery-position-overlay  envira-gallery-bottom-left\"><\/div><div class=\"envira-gallery-position-overlay  envira-gallery-bottom-right\"><\/div><a href=\"https:\/\/www.verrelefutur.com\/wp-content\/uploads\/2021\/05\/Miroir1.jpg\" class=\"envira-gallery-316 envira-gallery-link\" rel=\"enviragallery316\" title=\"Miroir1\" data-envira-caption=\"Miroir1\" data-envira-retina=\"\" data-thumbnail=\"\"  itemprop=\"contentUrl\"><img decoding=\"async\" id=\"envira-gallery-image-1403\" class=\"envira-gallery-image envira-gallery-image-1 envira-normal \" data-envira-index=\"1\" src=\"https:\/\/www.verrelefutur.com\/wp-content\/uploads\/2021\/05\/Miroir1-1024x675-345x345_c.jpg\" data-envira-src=\"https:\/\/www.verrelefutur.com\/wp-content\/uploads\/2021\/05\/Miroir1-1024x675-345x345_c.jpg\" data-envira-gallery-id=\"316\" data-envira-item-id=\"1403\" data-envira-caption=\"Miroir1\" alt=\"\" title=\"Miroir1\"  itemprop=\"thumbnailUrl\" data-envira-srcset=\"https:\/\/www.verrelefutur.com\/wp-content\/uploads\/2021\/05\/Miroir1-1024x675-345x345_c.jpg 400w,https:\/\/www.verrelefutur.com\/wp-content\/uploads\/2021\/05\/Miroir1-1024x675-345x345_c.jpg 2x\" data-envira-width=\"345\" data-envira-height=\"345\" srcset=\"https:\/\/www.verrelefutur.com\/wp-content\/uploads\/2021\/05\/Miroir1-690x690_c.jpg 2x\" data-safe-src=\"https:\/\/www.verrelefutur.com\/wp-content\/uploads\/2021\/05\/Miroir1-1024x675-345x345_c.jpg\" \/><\/a><\/div><\/div><div id=\"envira-gallery-item-1405\" class=\"envira-gallery-item enviratope-item envira-gallery-item-2\" style=\"padding-left: 5px; padding-bottom: 10px; padding-right: 5px;\"  itemscope itemtype=\"https:\/\/schema.org\/ImageObject\"><div class=\"envira-gallery-item-inner\"><div class=\"envira-gallery-position-overlay  envira-gallery-top-left\"><\/div><div class=\"envira-gallery-position-overlay  envira-gallery-top-right\"><\/div><div class=\"envira-gallery-position-overlay  envira-gallery-bottom-left\"><\/div><div class=\"envira-gallery-position-overlay  envira-gallery-bottom-right\"><\/div><a href=\"https:\/\/www.verrelefutur.com\/wp-content\/uploads\/2021\/05\/Miroir2-scaled.jpg\" class=\"envira-gallery-316 envira-gallery-link\" rel=\"enviragallery316\" title=\"Miroir2\" data-envira-caption=\"Miroir2\" data-envira-retina=\"\" data-thumbnail=\"\"  itemprop=\"contentUrl\"><img decoding=\"async\" id=\"envira-gallery-image-1405\" class=\"envira-gallery-image envira-gallery-image-2 envira-normal \" data-envira-index=\"2\" src=\"https:\/\/www.verrelefutur.com\/wp-content\/uploads\/2021\/05\/Miroir2-768x1024-345x345_c.jpg\" data-envira-src=\"https:\/\/www.verrelefutur.com\/wp-content\/uploads\/2021\/05\/Miroir2-768x1024-345x345_c.jpg\" data-envira-gallery-id=\"316\" data-envira-item-id=\"1405\" data-envira-caption=\"Miroir2\" alt=\"\" title=\"Miroir2\"  itemprop=\"thumbnailUrl\" data-envira-srcset=\"https:\/\/www.verrelefutur.com\/wp-content\/uploads\/2021\/05\/Miroir2-768x1024-345x345_c.jpg 400w,https:\/\/www.verrelefutur.com\/wp-content\/uploads\/2021\/05\/Miroir2-768x1024-345x345_c.jpg 2x\" data-envira-width=\"345\" data-envira-height=\"345\" srcset=\"https:\/\/www.verrelefutur.com\/wp-content\/uploads\/2021\/05\/Miroir2-scaled-690x690_c.jpg 2x\" data-safe-src=\"https:\/\/www.verrelefutur.com\/wp-content\/uploads\/2021\/05\/Miroir2-768x1024-345x345_c.jpg\" \/><\/a><\/div><\/div><div id=\"envira-gallery-item-317\" class=\"envira-gallery-item enviratope-item envira-gallery-item-3\" style=\"padding-left: 5px; padding-bottom: 10px; padding-right: 5px;\"  itemscope itemtype=\"https:\/\/schema.org\/ImageObject\"><div class=\"envira-gallery-item-inner\"><div class=\"envira-gallery-position-overlay  envira-gallery-top-left\"><\/div><div class=\"envira-gallery-position-overlay  envira-gallery-top-right\"><\/div><div class=\"envira-gallery-position-overlay  envira-gallery-bottom-left\"><\/div><div class=\"envira-gallery-position-overlay  envira-gallery-bottom-right\"><\/div><a href=\"https:\/\/www.verrelefutur.com\/wp-content\/uploads\/2021\/05\/image8.jpeg\" class=\"envira-gallery-316 envira-gallery-link\" rel=\"enviragallery316\" title=\"image8\" data-envira-caption=\"image8\" data-envira-retina=\"\" data-thumbnail=\"\"  itemprop=\"contentUrl\"><img decoding=\"async\" id=\"envira-gallery-image-317\" class=\"envira-gallery-image envira-gallery-image-3 envira-normal \" data-envira-index=\"3\" src=\"https:\/\/www.verrelefutur.com\/wp-content\/uploads\/2021\/05\/image8-345x345_c.jpeg\" data-envira-src=\"https:\/\/www.verrelefutur.com\/wp-content\/uploads\/2021\/05\/image8-345x345_c.jpeg\" data-envira-gallery-id=\"316\" data-envira-item-id=\"317\" data-envira-caption=\"image8\" alt=\"\" title=\"image8\"  itemprop=\"thumbnailUrl\" data-envira-srcset=\"https:\/\/www.verrelefutur.com\/wp-content\/uploads\/2021\/05\/image8-345x345_c.jpeg 400w,https:\/\/www.verrelefutur.com\/wp-content\/uploads\/2021\/05\/image8-345x345_c.jpeg 2x\" data-envira-width=\"345\" data-envira-height=\"345\" srcset=\"https:\/\/www.verrelefutur.com\/wp-content\/uploads\/2021\/05\/image8-690x690_c.jpeg 2x\" data-safe-src=\"https:\/\/www.verrelefutur.com\/wp-content\/uploads\/2021\/05\/image8-345x345_c.jpeg\" \/><\/a><\/div><\/div><div id=\"envira-gallery-item-319\" class=\"envira-gallery-item enviratope-item envira-gallery-item-4\" style=\"padding-left: 5px; padding-bottom: 10px; padding-right: 5px;\"  itemscope itemtype=\"https:\/\/schema.org\/ImageObject\"><div class=\"envira-gallery-item-inner\"><div class=\"envira-gallery-position-overlay  envira-gallery-top-left\"><\/div><div class=\"envira-gallery-position-overlay  envira-gallery-top-right\"><\/div><div class=\"envira-gallery-position-overlay  envira-gallery-bottom-left\"><\/div><div class=\"envira-gallery-position-overlay  envira-gallery-bottom-right\"><\/div><a href=\"https:\/\/www.verrelefutur.com\/wp-content\/uploads\/2021\/05\/IMG_4389.jpg\" class=\"envira-gallery-316 envira-gallery-link\" rel=\"enviragallery316\" title=\"IMG_4389\" data-envira-caption=\"IMG_4389\" data-envira-retina=\"\" data-thumbnail=\"\"  itemprop=\"contentUrl\"><img decoding=\"async\" id=\"envira-gallery-image-319\" class=\"envira-gallery-image envira-gallery-image-4 envira-normal \" data-envira-index=\"4\" src=\"https:\/\/www.verrelefutur.com\/wp-content\/uploads\/2021\/05\/IMG_4389-345x345_c.jpg\" data-envira-src=\"https:\/\/www.verrelefutur.com\/wp-content\/uploads\/2021\/05\/IMG_4389-345x345_c.jpg\" data-envira-gallery-id=\"316\" data-envira-item-id=\"319\" data-envira-caption=\"IMG_4389\" alt=\"\" title=\"IMG_4389\"  itemprop=\"thumbnailUrl\" data-envira-srcset=\"https:\/\/www.verrelefutur.com\/wp-content\/uploads\/2021\/05\/IMG_4389-345x345_c.jpg 400w,https:\/\/www.verrelefutur.com\/wp-content\/uploads\/2021\/05\/IMG_4389-345x345_c.jpg 2x\" data-envira-width=\"345\" data-envira-height=\"345\" srcset=\"https:\/\/www.verrelefutur.com\/wp-content\/uploads\/2021\/05\/IMG_4389-690x690_c.jpg 2x\" data-safe-src=\"https:\/\/www.verrelefutur.com\/wp-content\/uploads\/2021\/05\/IMG_4389-345x345_c.jpg\" \/><\/a><\/div><\/div><div id=\"envira-gallery-item-322\" class=\"envira-gallery-item enviratope-item envira-gallery-item-5\" style=\"padding-left: 5px; padding-bottom: 10px; padding-right: 5px;\"  itemscope itemtype=\"https:\/\/schema.org\/ImageObject\"><div class=\"envira-gallery-item-inner\"><div class=\"envira-gallery-position-overlay  envira-gallery-top-left\"><\/div><div class=\"envira-gallery-position-overlay  envira-gallery-top-right\"><\/div><div class=\"envira-gallery-position-overlay  envira-gallery-bottom-left\"><\/div><div class=\"envira-gallery-position-overlay  envira-gallery-bottom-right\"><\/div><a href=\"https:\/\/www.verrelefutur.com\/wp-content\/uploads\/2021\/05\/image3-scaled.jpeg\" class=\"envira-gallery-316 envira-gallery-link\" rel=\"enviragallery316\" title=\"image3\" data-envira-caption=\"image3\" data-envira-retina=\"\" data-thumbnail=\"\"  itemprop=\"contentUrl\"><img decoding=\"async\" id=\"envira-gallery-image-322\" class=\"envira-gallery-image envira-gallery-image-5 envira-normal \" data-envira-index=\"5\" src=\"https:\/\/www.verrelefutur.com\/wp-content\/uploads\/2021\/05\/image3-768x1024-345x345_c.jpeg\" data-envira-src=\"https:\/\/www.verrelefutur.com\/wp-content\/uploads\/2021\/05\/image3-768x1024-345x345_c.jpeg\" data-envira-gallery-id=\"316\" data-envira-item-id=\"322\" data-envira-caption=\"image3\" alt=\"\" title=\"image3\"  itemprop=\"thumbnailUrl\" data-envira-srcset=\"https:\/\/www.verrelefutur.com\/wp-content\/uploads\/2021\/05\/image3-768x1024-345x345_c.jpeg 400w,https:\/\/www.verrelefutur.com\/wp-content\/uploads\/2021\/05\/image3-768x1024-345x345_c.jpeg 2x\" data-envira-width=\"345\" data-envira-height=\"345\" srcset=\"https:\/\/www.verrelefutur.com\/wp-content\/uploads\/2021\/05\/image3-scaled-690x690_c.jpeg 2x\" data-safe-src=\"https:\/\/www.verrelefutur.com\/wp-content\/uploads\/2021\/05\/image3-768x1024-345x345_c.jpeg\" \/><\/a><\/div><\/div><div id=\"envira-gallery-item-1555\" class=\"envira-gallery-item enviratope-item envira-gallery-item-6\" style=\"padding-left: 5px; padding-bottom: 10px; padding-right: 5px;\"  itemscope itemtype=\"https:\/\/schema.org\/ImageObject\"><div class=\"envira-gallery-item-inner\"><div class=\"envira-gallery-position-overlay  envira-gallery-top-left\"><\/div><div class=\"envira-gallery-position-overlay  envira-gallery-top-right\"><\/div><div class=\"envira-gallery-position-overlay  envira-gallery-bottom-left\"><\/div><div class=\"envira-gallery-position-overlay  envira-gallery-bottom-right\"><\/div><a href=\"https:\/\/www.verrelefutur.com\/wp-content\/uploads\/2026\/03\/Miroir1.jpg\" class=\"envira-gallery-316 envira-gallery-link\" rel=\"enviragallery316\" title=\"Miroir1\" data-envira-caption=\"Miroir1\" data-envira-retina=\"\" data-thumbnail=\"\"  itemprop=\"contentUrl\"><img decoding=\"async\" id=\"envira-gallery-image-1555\" class=\"envira-gallery-image envira-gallery-image-6 envira-normal \" data-envira-index=\"6\" src=\"https:\/\/www.verrelefutur.com\/wp-content\/uploads\/2026\/03\/Miroir1-576x1024-345x345_c.jpg\" data-envira-src=\"https:\/\/www.verrelefutur.com\/wp-content\/uploads\/2026\/03\/Miroir1-576x1024-345x345_c.jpg\" data-envira-gallery-id=\"316\" data-envira-item-id=\"1555\" data-envira-caption=\"Miroir1\" alt=\"\" title=\"Miroir1\"  itemprop=\"thumbnailUrl\" data-envira-srcset=\"https:\/\/www.verrelefutur.com\/wp-content\/uploads\/2026\/03\/Miroir1-576x1024-345x345_c.jpg 400w,https:\/\/www.verrelefutur.com\/wp-content\/uploads\/2026\/03\/Miroir1-576x1024-345x345_c.jpg 2x\" data-envira-width=\"345\" data-envira-height=\"345\" srcset=\"https:\/\/www.verrelefutur.com\/wp-content\/uploads\/2026\/03\/Miroir1-690x690_c.jpg 2x\" data-safe-src=\"https:\/\/www.verrelefutur.com\/wp-content\/uploads\/2026\/03\/Miroir1-576x1024-345x345_c.jpg\" \/><\/a><\/div><\/div><div id=\"envira-gallery-item-1557\" class=\"envira-gallery-item enviratope-item envira-gallery-item-7\" style=\"padding-left: 5px; padding-bottom: 10px; padding-right: 5px;\"  itemscope itemtype=\"https:\/\/schema.org\/ImageObject\"><div class=\"envira-gallery-item-inner\"><div class=\"envira-gallery-position-overlay  envira-gallery-top-left\"><\/div><div class=\"envira-gallery-position-overlay  envira-gallery-top-right\"><\/div><div class=\"envira-gallery-position-overlay  envira-gallery-bottom-left\"><\/div><div class=\"envira-gallery-position-overlay  envira-gallery-bottom-right\"><\/div><a href=\"https:\/\/www.verrelefutur.com\/wp-content\/uploads\/2026\/03\/Miroir2.jpg\" class=\"envira-gallery-316 envira-gallery-link\" rel=\"enviragallery316\" title=\"Miroir2\" data-envira-caption=\"Miroir2\" data-envira-retina=\"\" data-thumbnail=\"\"  itemprop=\"contentUrl\"><img decoding=\"async\" id=\"envira-gallery-image-1557\" class=\"envira-gallery-image envira-gallery-image-7 envira-normal \" data-envira-index=\"7\" src=\"https:\/\/www.verrelefutur.com\/wp-content\/uploads\/2026\/03\/Miroir2-576x1024-345x345_c.jpg\" data-envira-src=\"https:\/\/www.verrelefutur.com\/wp-content\/uploads\/2026\/03\/Miroir2-576x1024-345x345_c.jpg\" data-envira-gallery-id=\"316\" data-envira-item-id=\"1557\" data-envira-caption=\"Miroir2\" alt=\"\" title=\"Miroir2\"  itemprop=\"thumbnailUrl\" data-envira-srcset=\"https:\/\/www.verrelefutur.com\/wp-content\/uploads\/2026\/03\/Miroir2-576x1024-345x345_c.jpg 400w,https:\/\/www.verrelefutur.com\/wp-content\/uploads\/2026\/03\/Miroir2-576x1024-345x345_c.jpg 2x\" data-envira-width=\"345\" data-envira-height=\"345\" srcset=\"https:\/\/www.verrelefutur.com\/wp-content\/uploads\/2026\/03\/Miroir2-690x690_c.jpg 2x\" data-safe-src=\"https:\/\/www.verrelefutur.com\/wp-content\/uploads\/2026\/03\/Miroir2-576x1024-345x345_c.jpg\" \/><\/a><\/div><\/div><div id=\"envira-gallery-item-1553\" class=\"envira-gallery-item enviratope-item envira-gallery-item-8\" style=\"padding-left: 5px; padding-bottom: 10px; padding-right: 5px;\"  itemscope itemtype=\"https:\/\/schema.org\/ImageObject\"><div class=\"envira-gallery-item-inner\"><div class=\"envira-gallery-position-overlay  envira-gallery-top-left\"><\/div><div class=\"envira-gallery-position-overlay  envira-gallery-top-right\"><\/div><div class=\"envira-gallery-position-overlay  envira-gallery-bottom-left\"><\/div><div class=\"envira-gallery-position-overlay  envira-gallery-bottom-right\"><\/div><a href=\"https:\/\/www.verrelefutur.com\/wp-content\/uploads\/2026\/03\/Miroir-scaled.jpg\" class=\"envira-gallery-316 envira-gallery-link\" rel=\"enviragallery316\" title=\"Miroir\" data-envira-caption=\"Miroir\" data-envira-retina=\"\" data-thumbnail=\"\"  itemprop=\"contentUrl\"><img decoding=\"async\" id=\"envira-gallery-image-1553\" class=\"envira-gallery-image envira-gallery-image-8 envira-normal \" data-envira-index=\"8\" src=\"https:\/\/www.verrelefutur.com\/wp-content\/uploads\/2026\/03\/Miroir-scaled-e1774557345388-768x1024-345x345_c.jpg\" data-envira-src=\"https:\/\/www.verrelefutur.com\/wp-content\/uploads\/2026\/03\/Miroir-scaled-e1774557345388-768x1024-345x345_c.jpg\" data-envira-gallery-id=\"316\" data-envira-item-id=\"1553\" data-envira-caption=\"Miroir\" alt=\"\" title=\"Miroir\"  itemprop=\"thumbnailUrl\" data-envira-srcset=\"https:\/\/www.verrelefutur.com\/wp-content\/uploads\/2026\/03\/Miroir-scaled-e1774557345388-768x1024-345x345_c.jpg 400w,https:\/\/www.verrelefutur.com\/wp-content\/uploads\/2026\/03\/Miroir-scaled-e1774557345388-768x1024-345x345_c.jpg 2x\" data-envira-width=\"345\" data-envira-height=\"345\" srcset=\"https:\/\/www.verrelefutur.com\/wp-content\/uploads\/2026\/03\/Miroir-scaled-e1774557345388-690x690_c.jpg 2x\" data-safe-src=\"https:\/\/www.verrelefutur.com\/wp-content\/uploads\/2026\/03\/Miroir-scaled-e1774557345388-768x1024-345x345_c.jpg\" \/><\/a><\/div><\/div><\/div><\/div><noscript><\/noscript><\/div>\n<\/p><\/div>\n<p><!-- \/lc-block --><br \/>\n\t\t\t\t<!-- \/lc-block -->\n\t\t\t<\/div>\n<p><!-- \/col -->\n\t\t<\/div>\n<\/p><\/div>\n<\/section>\n","protected":false},"excerpt":{"rendered":"<p>Verre le futur Services de vitrier sur la Rive-Sud Miroirs sur mesure Scultp\u00e9s, laqu\u00e9s ou graves Verre Le Futur vous propose de rendre votre d\u00e9cor somptueux gr\u00e2ce \u00e0 nos miroirs sur mesure sur la Rive-Sud. Ils seront livr\u00e9s et install\u00e9s avec soin et en toute s\u00e9curit\u00e9. Chez Verre Le Futur, nos services personnalis\u00e9s vous offriront [&hellip;]<\/p>\n","protected":false},"author":1,"featured_media":0,"parent":75,"menu_order":0,"comment_status":"closed","ping_status":"closed","template":"","meta":{"footnotes":""},"class_list":["post-15","page","type-page","status-publish","hentry"],"_links":{"self":[{"href":"https:\/\/www.verrelefutur.com\/fr\/wp-json\/wp\/v2\/pages\/15","targetHints":{"allow":["GET"]}}],"collection":[{"href":"https:\/\/www.verrelefutur.com\/fr\/wp-json\/wp\/v2\/pages"}],"about":[{"href":"https:\/\/www.verrelefutur.com\/fr\/wp-json\/wp\/v2\/types\/page"}],"author":[{"embeddable":true,"href":"https:\/\/www.verrelefutur.com\/fr\/wp-json\/wp\/v2\/users\/1"}],"replies":[{"embeddable":true,"href":"https:\/\/www.verrelefutur.com\/fr\/wp-json\/wp\/v2\/comments?post=15"}],"version-history":[{"count":6,"href":"https:\/\/www.verrelefutur.com\/fr\/wp-json\/wp\/v2\/pages\/15\/revisions"}],"predecessor-version":[{"id":1502,"href":"https:\/\/www.verrelefutur.com\/fr\/wp-json\/wp\/v2\/pages\/15\/revisions\/1502"}],"up":[{"embeddable":true,"href":"https:\/\/www.verrelefutur.com\/fr\/wp-json\/wp\/v2\/pages\/75"}],"wp:attachment":[{"href":"https:\/\/www.verrelefutur.com\/fr\/wp-json\/wp\/v2\/media?parent=15"}],"curies":[{"name":"wp","href":"https:\/\/api.w.org\/{rel}","templated":true}]}}